{"id":28245,"date":"2023-11-26T21:30:44","date_gmt":"2023-11-26T21:30:44","guid":{"rendered":"https:\/\/barcelonafoot7.beringserveis.eu\/?page_id=28245"},"modified":"2024-02-06T11:46:09","modified_gmt":"2024-02-06T11:46:09","slug":"boutique-4","status":"publish","type":"page","link":"https:\/\/www.barcelonafoot7festival.com\/de\/boutique-4\/","title":{"rendered":"Boutique"},"content":{"rendered":"\t\t<div data-elementor-type=\"wp-page\" data-elementor-id=\"28245\" class=\"elementor elementor-28245 elementor-108\" data-elementor-post-type=\"page\">\n\t\t\t\t\t\t<section class=\"elementor-section elementor-top-section elementor-element elementor-element-4fdfe3b elementor-section-full_width elementor-section-stretched elementor-section-height-default elementor-section-height-default\" data-id=\"4fdfe3b\" data-element_type=\"section\" data-e-type=\"section\" data-settings=\"{&quot;stretch_section&quot;:&quot;section-stretched&quot;}\">\n\t\t\t\t\t\t\t<div class=\"elementor-background-overlay\"><\/div>\n\t\t\t\t\t\t\t<div class=\"elementor-container elementor-column-gap-default\">\n\t\t\t\t\t<div class=\"elementor-column elementor-col-100 elementor-top-column elementor-element elementor-element-9986253\" data-id=\"9986253\" data-element_type=\"column\" data-e-type=\"column\" data-settings=\"{&quot;background_background&quot;:&quot;classic&quot;}\">\n\t\t\t<div class=\"elementor-widget-wrap elementor-element-populated\">\n\t\t\t\t\t\t<div class=\"elementor-element elementor-element-83e196a elementor-widget elementor-widget-template\" data-id=\"83e196a\" data-element_type=\"widget\" data-e-type=\"widget\" data-widget_type=\"template.default\">\n\t\t\t\t<div class=\"elementor-widget-container\">\n\t\t\t\t\t\t\t<div class=\"elementor-template\">\n\t\t\t\t\t<div data-elementor-type=\"section\" data-elementor-id=\"26906\" class=\"elementor elementor-26906\" data-elementor-post-type=\"elementor_library\">\n\t\t\t\t\t<section class=\"elementor-section elementor-top-section elementor-element elementor-element-b5f17f4 elementor-section-full_width elementor-section-stretched elementor-section-content-middle elementor-section-height-default elementor-section-height-default\" data-id=\"b5f17f4\" data-element_type=\"section\" data-e-type=\"section\" data-settings=\"{&quot;background_background&quot;:&quot;video&quot;,&quot;background_video_link&quot;:&quot;https:\\\/\\\/vimeo.com\\\/874556183&quot;,&quot;stretch_section&quot;:&quot;section-stretched&quot;,&quot;background_play_on_mobile&quot;:&quot;yes&quot;}\">\n\t\t\t\t\t\t\t\t<div class=\"elementor-background-video-container\">\n\t\t\t\t\t\t\t\t\t\t\t\t\t<div class=\"elementor-background-video-embed\" role=\"presentation\"><\/div>\n\t\t\t\t\t\t\t\t\t\t\t\t<\/div>\n\t\t\t\t\t\t\t\t\t<div class=\"elementor-background-overlay\"><\/div>\n\t\t\t\t\t\t\t<div class=\"elementor-container elementor-column-gap-default\">\n\t\t\t\t\t<div class=\"elementor-column elementor-col-100 elementor-top-column elementor-element elementor-element-5742428\" data-id=\"5742428\" data-element_type=\"column\" data-e-type=\"column\">\n\t\t\t<div class=\"elementor-widget-wrap elementor-element-populated\">\n\t\t\t\t\t\t<div class=\"elementor-element elementor-element-f7714cc elementor-widget elementor-widget-spacer\" data-id=\"f7714cc\" data-element_type=\"widget\" data-e-type=\"widget\" data-widget_type=\"spacer.default\">\n\t\t\t\t<div class=\"elementor-widget-container\">\n\t\t\t\t\t\t\t<div class=\"elementor-spacer\">\n\t\t\t<div class=\"elementor-spacer-inner\"><\/div>\n\t\t<\/div>\n\t\t\t\t\t\t<\/div>\n\t\t\t\t<\/div>\n\t\t\t\t\t<\/div>\n\t\t<\/div>\n\t\t\t\t\t<\/div>\n\t\t<\/section>\n\t\t\t\t<\/div>\n\t\t\t\t<\/div>\n\t\t\t\t\t\t<\/div>\n\t\t\t\t<\/div>\n\t\t\t\t\t<\/div>\n\t\t<\/div>\n\t\t\t\t\t<\/div>\n\t\t<\/section>\n\t\t\t\t<section class=\"elementor-section elementor-top-section elementor-element elementor-element-fd3e54b elementor-section-full_width elementor-section-height-default elementor-section-height-default\" data-id=\"fd3e54b\" data-element_type=\"section\" data-e-type=\"section\">\n\t\t\t\t\t\t<div class=\"elementor-container elementor-column-gap-no\">\n\t\t\t\t\t<div class=\"elementor-column elementor-col-100 elementor-top-column elementor-element elementor-element-822d3eb\" data-id=\"822d3eb\" data-element_type=\"column\" data-e-type=\"column\">\n\t\t\t<div class=\"elementor-widget-wrap elementor-element-populated\">\n\t\t\t\t\t\t<div class=\"elementor-element elementor-element-b3b34f9 e-transform elementor-widget__width-inherit elementor-absolute elementor-widget elementor-widget-heading\" data-id=\"b3b34f9\" data-element_type=\"widget\" data-e-type=\"widget\" data-settings=\"{&quot;_transform_skewX_effect&quot;:{&quot;unit&quot;:&quot;px&quot;,&quot;size&quot;:0,&quot;sizes&quot;:[]},&quot;_transform_skewY_effect&quot;:{&quot;unit&quot;:&quot;px&quot;,&quot;size&quot;:-4,&quot;sizes&quot;:[]},&quot;_position&quot;:&quot;absolute&quot;,&quot;_transform_skewX_effect_tablet&quot;:{&quot;unit&quot;:&quot;deg&quot;,&quot;size&quot;:&quot;&quot;,&quot;sizes&quot;:[]},&quot;_transform_skewX_effect_mobile&quot;:{&quot;unit&quot;:&quot;deg&quot;,&quot;size&quot;:&quot;&quot;,&quot;sizes&quot;:[]},&quot;_transform_skewY_effect_tablet&quot;:{&quot;unit&quot;:&quot;deg&quot;,&quot;size&quot;:&quot;&quot;,&quot;sizes&quot;:[]},&quot;_transform_skewY_effect_mobile&quot;:{&quot;unit&quot;:&quot;deg&quot;,&quot;size&quot;:&quot;&quot;,&quot;sizes&quot;:[]}}\" data-widget_type=\"heading.default\">\n\t\t\t\t<div class=\"elementor-widget-container\">\n\t\t\t\t\t<h2 class=\"elementor-heading-title elementor-size-default\">Boutique<\/h2>\t\t\t\t<\/div>\n\t\t\t\t<\/div>\n\t\t\t\t\t<\/div>\n\t\t<\/div>\n\t\t\t\t\t<\/div>\n\t\t<\/section>\n\t\t\t\t<section class=\"elementor-section elementor-top-section elementor-element elementor-element-0585bb7 elementor-section-full_width elementor-section-height-min-height elementor-section-height-default elementor-section-items-middle\" data-id=\"0585bb7\" data-element_type=\"section\" data-e-type=\"section\" data-settings=\"{&quot;background_background&quot;:&quot;classic&quot;}\">\n\t\t\t\t\t\t\t<div class=\"elementor-background-overlay\"><\/div>\n\t\t\t\t\t\t\t<div class=\"elementor-container elementor-column-gap-no\">\n\t\t\t\t\t<div class=\"elementor-column elementor-col-100 elementor-top-column elementor-element elementor-element-e2dad64\" data-id=\"e2dad64\" data-element_type=\"column\" data-e-type=\"column\" data-settings=\"{&quot;background_background&quot;:&quot;classic&quot;}\">\n\t\t\t<div class=\"elementor-widget-wrap elementor-element-populated\">\n\t\t\t\t\t\t<div class=\"elementor-element elementor-element-864b23b elementor-widget-tablet__width-initial elementor-widget__width-initial elementor-widget elementor-widget-text-editor\" data-id=\"864b23b\" data-element_type=\"widget\" data-e-type=\"widget\" data-widget_type=\"text-editor.default\">\n\t\t\t\t<div class=\"elementor-widget-container\">\n\t\t\t\t\t\t\t\t\t<p>Das Festival-T-Shirt ist f\u00fcr alle Spieler\/Spielerinnen erh\u00e4ltlich und in der Anmeldegeb\u00fchr enthalten.<\/p><p>Wenn Sie zus\u00e4tzliche T-Shirts ben\u00f6tigen, betragen die zus\u00e4tzlichen Kosten <strong>12 \u20ac<\/strong> pro T-Shirt und wir organisieren die Lieferung, wenn Sie es w\u00fcnschen.<\/p><p>Teams, die sich sp\u00e4ter als <strong>am 21. April<\/strong> anmelden, werden ihr T-Shirt wahrscheinlich nicht w\u00e4hrend des Festivals erhalten.<\/p><p>Wir haben auch das offizielle <b>FUSSBALL SHIRT <\/b>und den <strong>FUSSBALL<\/strong> des Festivals im Verkauf:<\/p>\t\t\t\t\t\t\t\t<\/div>\n\t\t\t\t<\/div>\n\t\t\t\t\t<\/div>\n\t\t<\/div>\n\t\t\t\t\t<\/div>\n\t\t<\/section>\n\t\t\t\t<section class=\"elementor-section elementor-top-section elementor-element elementor-element-06341dc elementor-section-boxed elementor-section-height-default elementor-section-height-default\" data-id=\"06341dc\" data-element_type=\"section\" data-e-type=\"section\" data-settings=\"{&quot;background_background&quot;:&quot;classic&quot;}\">\n\t\t\t\t\t\t<div class=\"elementor-container elementor-column-gap-default\">\n\t\t\t\t\t<div class=\"elementor-column elementor-col-50 elementor-top-column elementor-element elementor-element-c2e7f27\" data-id=\"c2e7f27\" data-element_type=\"column\" data-e-type=\"column\">\n\t\t\t<div class=\"elementor-widget-wrap elementor-element-populated\">\n\t\t\t\t\t\t<section class=\"elementor-section elementor-inner-section elementor-element elementor-element-d30710f elementor-section-boxed elementor-section-height-default elementor-section-height-default\" data-id=\"d30710f\" data-element_type=\"section\" data-e-type=\"section\">\n\t\t\t\t\t\t<div class=\"elementor-container elementor-column-gap-default\">\n\t\t\t\t\t<div class=\"elementor-column elementor-col-100 elementor-inner-column elementor-element elementor-element-2aab601\" data-id=\"2aab601\" data-element_type=\"column\" data-e-type=\"column\">\n\t\t\t<div class=\"elementor-widget-wrap elementor-element-populated\">\n\t\t\t\t\t\t<div class=\"elementor-element elementor-element-996f80c elementor-widget__width-auto elementor-widget elementor-widget-price-table\" data-id=\"996f80c\" data-element_type=\"widget\" data-e-type=\"widget\" data-widget_type=\"price-table.default\">\n\t\t\t\t<div class=\"elementor-widget-container\">\n\t\t\t\t\t\n\t\t<div class=\"elementor-price-table\">\n\t\t\t\t\t\t\t<div class=\"elementor-price-table__header\">\n\t\t\t\t\t\t\t\t\t\t\t<h3 class=\"elementor-price-table__heading\">\n\t\t\t\t\t\tTRIKOT\t\t\t\t\t\t<\/h3>\n\t\t\t\t\t\n\t\t\t\t\t\t\t\t\t<\/div>\n\t\t\t\n\t\t\t<div class=\"elementor-price-table__price\">\n\t\t\t\t\t\t\t\t<span class=\"elementor-price-table__currency\">&#128;<\/span>\t\t\t\t\t\t\t\t\t<span class=\"elementor-price-table__integer-part\">\n\t\t\t\t\t\t28\t\t\t\t\t<\/span>\n\t\t\t\t\n\t\t\t\t\n\t\t\t\t\n\t\t\t\t\t\t\t<\/div>\n\n\t\t\t\t\t\t\t<ul class=\"elementor-price-table__features-list\">\n\t\t\t\t\t\t\t\t\t\t\t<li class=\"elementor-repeater-item-4b1c300\">\n\t\t\t\t\t\t\t<div class=\"elementor-price-table__feature-inner\">\n\t\t\t\t\t\t\t\t\t\t\t\t\t\t\t\t&nbsp;\t\t\t\t\t\t\t<\/div>\n\t\t\t\t\t\t<\/li>\n\t\t\t\t\t\t\t\t\t<\/ul>\n\t\t\t\n\t\t\t\t\t<\/div>\n\n\t\t\t\t\t\t<\/div>\n\t\t\t\t<\/div>\n\t\t\t\t<div class=\"elementor-element elementor-element-93aeda4 elementor-widget__width-initial e-transform elementor-widget elementor-widget-image\" data-id=\"93aeda4\" data-element_type=\"widget\" data-e-type=\"widget\" data-settings=\"{&quot;_transform_rotateZ_effect&quot;:{&quot;unit&quot;:&quot;px&quot;,&quot;size&quot;:7,&quot;sizes&quot;:[]},&quot;_transform_rotateZ_effect_tablet&quot;:{&quot;unit&quot;:&quot;deg&quot;,&quot;size&quot;:&quot;&quot;,&quot;sizes&quot;:[]},&quot;_transform_rotateZ_effect_mobile&quot;:{&quot;unit&quot;:&quot;deg&quot;,&quot;size&quot;:&quot;&quot;,&quot;sizes&quot;:[]}}\" data-widget_type=\"image.default\">\n\t\t\t\t<div class=\"elementor-widget-container\">\n\t\t\t\t\t\t\t\t\t\t\t\t\t\t\t<img fetchpriority=\"high\" decoding=\"async\" width=\"1593\" height=\"2100\" src=\"https:\/\/www.barcelonafoot7festival.com\/wp-content\/uploads\/2021\/10\/Cami-2.jpg\" class=\"attachment-full size-full wp-image-24615\" alt=\"\" srcset=\"https:\/\/www.barcelonafoot7festival.com\/wp-content\/uploads\/2021\/10\/Cami-2.jpg 1593w, https:\/\/www.barcelonafoot7festival.com\/wp-content\/uploads\/2021\/10\/Cami-2-228x300.jpg 228w, https:\/\/www.barcelonafoot7festival.com\/wp-content\/uploads\/2021\/10\/Cami-2-777x1024.jpg 777w, https:\/\/www.barcelonafoot7festival.com\/wp-content\/uploads\/2021\/10\/Cami-2-768x1012.jpg 768w, https:\/\/www.barcelonafoot7festival.com\/wp-content\/uploads\/2021\/10\/Cami-2-1165x1536.jpg 1165w, https:\/\/www.barcelonafoot7festival.com\/wp-content\/uploads\/2021\/10\/Cami-2-1554x2048.jpg 1554w, https:\/\/www.barcelonafoot7festival.com\/wp-content\/uploads\/2021\/10\/Cami-2-111x146.jpg 111w, https:\/\/www.barcelonafoot7festival.com\/wp-content\/uploads\/2021\/10\/Cami-2-38x50.jpg 38w, https:\/\/www.barcelonafoot7festival.com\/wp-content\/uploads\/2021\/10\/Cami-2-57x75.jpg 57w\" sizes=\"(max-width: 1593px) 100vw, 1593px\" \/>\t\t\t\t\t\t\t\t\t\t\t\t\t\t\t<\/div>\n\t\t\t\t<\/div>\n\t\t\t\t\t<\/div>\n\t\t<\/div>\n\t\t\t\t\t<\/div>\n\t\t<\/section>\n\t\t\t\t\t<\/div>\n\t\t<\/div>\n\t\t\t\t<div class=\"elementor-column elementor-col-50 elementor-top-column elementor-element elementor-element-07b5222\" data-id=\"07b5222\" data-element_type=\"column\" data-e-type=\"column\">\n\t\t\t<div class=\"elementor-widget-wrap elementor-element-populated\">\n\t\t\t\t\t\t<section class=\"elementor-section elementor-inner-section elementor-element elementor-element-b899573 elementor-section-boxed elementor-section-height-default elementor-section-height-default\" data-id=\"b899573\" data-element_type=\"section\" data-e-type=\"section\">\n\t\t\t\t\t\t<div class=\"elementor-container elementor-column-gap-default\">\n\t\t\t\t\t<div class=\"elementor-column elementor-col-100 elementor-inner-column elementor-element elementor-element-325cad3\" data-id=\"325cad3\" data-element_type=\"column\" data-e-type=\"column\">\n\t\t\t<div class=\"elementor-widget-wrap elementor-element-populated\">\n\t\t\t\t\t\t<div class=\"elementor-element elementor-element-5fac62a elementor-widget__width-auto elementor-widget elementor-widget-price-table\" data-id=\"5fac62a\" data-element_type=\"widget\" data-e-type=\"widget\" data-widget_type=\"price-table.default\">\n\t\t\t\t<div class=\"elementor-widget-container\">\n\t\t\t\t\t\n\t\t<div class=\"elementor-price-table\">\n\t\t\t\t\t\t\t<div class=\"elementor-price-table__header\">\n\t\t\t\t\t\t\t\t\t\t\t<h3 class=\"elementor-price-table__heading\">\n\t\t\t\t\t\tFUSSBALL\t\t\t\t\t\t<\/h3>\n\t\t\t\t\t\n\t\t\t\t\t\t\t\t\t<\/div>\n\t\t\t\n\t\t\t<div class=\"elementor-price-table__price\">\n\t\t\t\t\t\t\t\t<span class=\"elementor-price-table__currency\">&#128;<\/span>\t\t\t\t\t\t\t\t\t<span class=\"elementor-price-table__integer-part\">\n\t\t\t\t\t\t24\t\t\t\t\t<\/span>\n\t\t\t\t\n\t\t\t\t\n\t\t\t\t\n\t\t\t\t\t\t\t<\/div>\n\n\t\t\t\t\t\t\t<ul class=\"elementor-price-table__features-list\">\n\t\t\t\t\t\t\t\t\t\t\t<li class=\"elementor-repeater-item-4b1c300\">\n\t\t\t\t\t\t\t<div class=\"elementor-price-table__feature-inner\">\n\t\t\t\t\t\t\t\t\t\t\t\t\t\t\t\t&nbsp;\t\t\t\t\t\t\t<\/div>\n\t\t\t\t\t\t<\/li>\n\t\t\t\t\t\t\t\t\t<\/ul>\n\t\t\t\n\t\t\t\t\t<\/div>\n\n\t\t\t\t\t\t<\/div>\n\t\t\t\t<\/div>\n\t\t\t\t<div class=\"elementor-element elementor-element-72ef343 elementor-widget__width-initial e-transform elementor-widget elementor-widget-image\" data-id=\"72ef343\" data-element_type=\"widget\" data-e-type=\"widget\" data-settings=\"{&quot;_transform_rotateZ_effect&quot;:{&quot;unit&quot;:&quot;px&quot;,&quot;size&quot;:-7,&quot;sizes&quot;:[]},&quot;_transform_rotateZ_effect_tablet&quot;:{&quot;unit&quot;:&quot;deg&quot;,&quot;size&quot;:-7,&quot;sizes&quot;:[]},&quot;_transform_rotateZ_effect_mobile&quot;:{&quot;unit&quot;:&quot;deg&quot;,&quot;size&quot;:-5,&quot;sizes&quot;:[]}}\" data-widget_type=\"image.default\">\n\t\t\t\t<div class=\"elementor-widget-container\">\n\t\t\t\t\t\t\t\t\t\t\t\t\t\t\t<img decoding=\"async\" width=\"800\" height=\"796\" src=\"https:\/\/www.barcelonafoot7festival.com\/wp-content\/uploads\/2021\/10\/ball-real-1024x1019.jpg\" class=\"attachment-large size-large wp-image-24625\" alt=\"\" srcset=\"https:\/\/www.barcelonafoot7festival.com\/wp-content\/uploads\/2021\/10\/ball-real-1024x1019.jpg 1024w, https:\/\/www.barcelonafoot7festival.com\/wp-content\/uploads\/2021\/10\/ball-real-300x298.jpg 300w, https:\/\/www.barcelonafoot7festival.com\/wp-content\/uploads\/2021\/10\/ball-real-150x150.jpg 150w, https:\/\/www.barcelonafoot7festival.com\/wp-content\/uploads\/2021\/10\/ball-real-768x764.jpg 768w, https:\/\/www.barcelonafoot7festival.com\/wp-content\/uploads\/2021\/10\/ball-real-1536x1528.jpg 1536w, https:\/\/www.barcelonafoot7festival.com\/wp-content\/uploads\/2021\/10\/ball-real-2048x2037.jpg 2048w, https:\/\/www.barcelonafoot7festival.com\/wp-content\/uploads\/2021\/10\/ball-real-147x146.jpg 147w, https:\/\/www.barcelonafoot7festival.com\/wp-content\/uploads\/2021\/10\/ball-real-50x50.jpg 50w, https:\/\/www.barcelonafoot7festival.com\/wp-content\/uploads\/2021\/10\/ball-real-75x75.jpg 75w, https:\/\/www.barcelonafoot7festival.com\/wp-content\/uploads\/2021\/10\/ball-real-85x85.jpg 85w, https:\/\/www.barcelonafoot7festival.com\/wp-content\/uploads\/2021\/10\/ball-real-80x80.jpg 80w\" sizes=\"(max-width: 800px) 100vw, 800px\" \/>\t\t\t\t\t\t\t\t\t\t\t\t\t\t\t<\/div>\n\t\t\t\t<\/div>\n\t\t\t\t\t<\/div>\n\t\t<\/div>\n\t\t\t\t\t<\/div>\n\t\t<\/section>\n\t\t\t\t\t<\/div>\n\t\t<\/div>\n\t\t\t\t\t<\/div>\n\t\t<\/section>\n\t\t\t\t<\/div>\n\t\t","protected":false},"excerpt":{"rendered":"<p>Das Festival-T-Shirt ist f\u00fcr alle Spieler\/Spielerinnen erh\u00e4ltlich und in der Anmeldegeb\u00fchr enthalten. Wenn Sie zus\u00e4tzliche T-Shirts ben\u00f6tigen, betragen die zus\u00e4tzlichen Kosten 12 \u20ac pro T-Shirt und wir organisieren die Lieferung, wenn Sie es w\u00fcnschen. Teams, die sich sp\u00e4ter als am 21. April anmelden, werden ihr T-Shirt wahrscheinlich nicht w\u00e4hrend des Festivals erhalten. Wir haben auch [&hellip;]<\/p>\n","protected":false},"author":2,"featured_media":0,"parent":0,"menu_order":0,"comment_status":"closed","ping_status":"closed","template":"elementor_header_footer","meta":{"footnotes":""},"class_list":["post-28245","page","type-page","status-publish","hentry"],"yoast_head":"<!-- This site is optimized with the Yoast SEO plugin v27.4 - https:\/\/yoast.com\/product\/yoast-seo-wordpress\/ -->\n<title>Boutique - Barcelona Football 7 Festival<\/title>\n<meta name=\"robots\" content=\"index, follow, max-snippet:-1, max-image-preview:large, max-video-preview:-1\" \/>\n<link rel=\"canonical\" href=\"https:\/\/www.barcelonafoot7festival.com\/souvenirs\/\" \/>\n<meta property=\"og:locale\" content=\"de_DE\" \/>\n<meta property=\"og:type\" content=\"article\" \/>\n<meta property=\"og:title\" content=\"Boutique - Barcelona Football 7 Festival\" \/>\n<meta property=\"og:description\" content=\"Das Festival-T-Shirt ist f\u00fcr alle Spieler\/Spielerinnen erh\u00e4ltlich und in der Anmeldegeb\u00fchr enthalten. Wenn Sie zus\u00e4tzliche T-Shirts ben\u00f6tigen, betragen die zus\u00e4tzlichen Kosten 12 \u20ac pro T-Shirt und wir organisieren die Lieferung, wenn Sie es w\u00fcnschen. Teams, die sich sp\u00e4ter als am 21. April anmelden, werden ihr T-Shirt wahrscheinlich nicht w\u00e4hrend des Festivals erhalten. Wir haben auch [&hellip;]\" \/>\n<meta property=\"og:url\" content=\"https:\/\/www.barcelonafoot7festival.com\/souvenirs\/\" \/>\n<meta property=\"og:site_name\" content=\"Barcelona Football 7 Festival\" \/>\n<meta property=\"article:modified_time\" content=\"2024-02-06T11:46:09+00:00\" \/>\n<meta property=\"og:image\" content=\"https:\/\/www.barcelonafoot7festival.com\/wp-content\/uploads\/2021\/10\/Cami-2.jpg\" \/>\n<meta name=\"twitter:card\" content=\"summary_large_image\" \/>\n<script type=\"application\/ld+json\" class=\"yoast-schema-graph\">{\"@context\":\"https:\\\/\\\/schema.org\",\"@graph\":[{\"@type\":\"WebPage\",\"@id\":\"https:\\\/\\\/www.barcelonafoot7festival.com\\\/souvenirs\\\/\",\"url\":\"https:\\\/\\\/www.barcelonafoot7festival.com\\\/souvenirs\\\/\",\"name\":\"Boutique - Barcelona Football 7 Festival\",\"isPartOf\":{\"@id\":\"https:\\\/\\\/www.barcelonafoot7festival.com\\\/#website\"},\"primaryImageOfPage\":{\"@id\":\"https:\\\/\\\/www.barcelonafoot7festival.com\\\/souvenirs\\\/#primaryimage\"},\"image\":{\"@id\":\"https:\\\/\\\/www.barcelonafoot7festival.com\\\/souvenirs\\\/#primaryimage\"},\"thumbnailUrl\":\"https:\\\/\\\/www.barcelonafoot7festival.com\\\/wp-content\\\/uploads\\\/2021\\\/10\\\/Cami-2.jpg\",\"datePublished\":\"2023-11-26T21:30:44+00:00\",\"dateModified\":\"2024-02-06T11:46:09+00:00\",\"breadcrumb\":{\"@id\":\"https:\\\/\\\/www.barcelonafoot7festival.com\\\/souvenirs\\\/#breadcrumb\"},\"inLanguage\":\"de\",\"potentialAction\":[{\"@type\":\"ReadAction\",\"target\":[\"https:\\\/\\\/www.barcelonafoot7festival.com\\\/souvenirs\\\/\"]}]},{\"@type\":\"ImageObject\",\"inLanguage\":\"de\",\"@id\":\"https:\\\/\\\/www.barcelonafoot7festival.com\\\/souvenirs\\\/#primaryimage\",\"url\":\"https:\\\/\\\/www.barcelonafoot7festival.com\\\/wp-content\\\/uploads\\\/2021\\\/10\\\/Cami-2.jpg\",\"contentUrl\":\"https:\\\/\\\/www.barcelonafoot7festival.com\\\/wp-content\\\/uploads\\\/2021\\\/10\\\/Cami-2.jpg\"},{\"@type\":\"BreadcrumbList\",\"@id\":\"https:\\\/\\\/www.barcelonafoot7festival.com\\\/souvenirs\\\/#breadcrumb\",\"itemListElement\":[{\"@type\":\"ListItem\",\"position\":1,\"name\":\"Home\",\"item\":\"https:\\\/\\\/www.barcelonafoot7festival.com\\\/de\\\/\"},{\"@type\":\"ListItem\",\"position\":2,\"name\":\"Boutique\"}]},{\"@type\":\"WebSite\",\"@id\":\"https:\\\/\\\/www.barcelonafoot7festival.com\\\/#website\",\"url\":\"https:\\\/\\\/www.barcelonafoot7festival.com\\\/\",\"name\":\"Barcelona Football 7 Festival\",\"description\":\"Costa Brava  10-12 May 2024\",\"publisher\":{\"@id\":\"https:\\\/\\\/www.barcelonafoot7festival.com\\\/#organization\"},\"potentialAction\":[{\"@type\":\"SearchAction\",\"target\":{\"@type\":\"EntryPoint\",\"urlTemplate\":\"https:\\\/\\\/www.barcelonafoot7festival.com\\\/?s={search_term_string}\"},\"query-input\":{\"@type\":\"PropertyValueSpecification\",\"valueRequired\":true,\"valueName\":\"search_term_string\"}}],\"inLanguage\":\"de\"},{\"@type\":\"Organization\",\"@id\":\"https:\\\/\\\/www.barcelonafoot7festival.com\\\/#organization\",\"name\":\"Barcelona Football 7 Festival\",\"url\":\"https:\\\/\\\/www.barcelonafoot7festival.com\\\/\",\"logo\":{\"@type\":\"ImageObject\",\"inLanguage\":\"de\",\"@id\":\"https:\\\/\\\/www.barcelonafoot7festival.com\\\/#\\\/schema\\\/logo\\\/image\\\/\",\"url\":\"https:\\\/\\\/www.barcelonafoot7festival.com\\\/wp-content\\\/uploads\\\/2023\\\/11\\\/logo-brcs.png\",\"contentUrl\":\"https:\\\/\\\/www.barcelonafoot7festival.com\\\/wp-content\\\/uploads\\\/2023\\\/11\\\/logo-brcs.png\",\"width\":234,\"height\":241,\"caption\":\"Barcelona Football 7 Festival\"},\"image\":{\"@id\":\"https:\\\/\\\/www.barcelonafoot7festival.com\\\/#\\\/schema\\\/logo\\\/image\\\/\"}}]}<\/script>\n<!-- \/ Yoast SEO plugin. -->","yoast_head_json":{"title":"Boutique - Barcelona Football 7 Festival","robots":{"index":"index","follow":"follow","max-snippet":"max-snippet:-1","max-image-preview":"max-image-preview:large","max-video-preview":"max-video-preview:-1"},"canonical":"https:\/\/www.barcelonafoot7festival.com\/souvenirs\/","og_locale":"de_DE","og_type":"article","og_title":"Boutique - Barcelona Football 7 Festival","og_description":"Das Festival-T-Shirt ist f\u00fcr alle Spieler\/Spielerinnen erh\u00e4ltlich und in der Anmeldegeb\u00fchr enthalten. Wenn Sie zus\u00e4tzliche T-Shirts ben\u00f6tigen, betragen die zus\u00e4tzlichen Kosten 12 \u20ac pro T-Shirt und wir organisieren die Lieferung, wenn Sie es w\u00fcnschen. Teams, die sich sp\u00e4ter als am 21. April anmelden, werden ihr T-Shirt wahrscheinlich nicht w\u00e4hrend des Festivals erhalten. Wir haben auch [&hellip;]","og_url":"https:\/\/www.barcelonafoot7festival.com\/souvenirs\/","og_site_name":"Barcelona Football 7 Festival","article_modified_time":"2024-02-06T11:46:09+00:00","og_image":[{"url":"https:\/\/www.barcelonafoot7festival.com\/wp-content\/uploads\/2021\/10\/Cami-2.jpg","type":"","width":"","height":""}],"twitter_card":"summary_large_image","schema":{"@context":"https:\/\/schema.org","@graph":[{"@type":"WebPage","@id":"https:\/\/www.barcelonafoot7festival.com\/souvenirs\/","url":"https:\/\/www.barcelonafoot7festival.com\/souvenirs\/","name":"Boutique - Barcelona Football 7 Festival","isPartOf":{"@id":"https:\/\/www.barcelonafoot7festival.com\/#website"},"primaryImageOfPage":{"@id":"https:\/\/www.barcelonafoot7festival.com\/souvenirs\/#primaryimage"},"image":{"@id":"https:\/\/www.barcelonafoot7festival.com\/souvenirs\/#primaryimage"},"thumbnailUrl":"https:\/\/www.barcelonafoot7festival.com\/wp-content\/uploads\/2021\/10\/Cami-2.jpg","datePublished":"2023-11-26T21:30:44+00:00","dateModified":"2024-02-06T11:46:09+00:00","breadcrumb":{"@id":"https:\/\/www.barcelonafoot7festival.com\/souvenirs\/#breadcrumb"},"inLanguage":"de","potentialAction":[{"@type":"ReadAction","target":["https:\/\/www.barcelonafoot7festival.com\/souvenirs\/"]}]},{"@type":"ImageObject","inLanguage":"de","@id":"https:\/\/www.barcelonafoot7festival.com\/souvenirs\/#primaryimage","url":"https:\/\/www.barcelonafoot7festival.com\/wp-content\/uploads\/2021\/10\/Cami-2.jpg","contentUrl":"https:\/\/www.barcelonafoot7festival.com\/wp-content\/uploads\/2021\/10\/Cami-2.jpg"},{"@type":"BreadcrumbList","@id":"https:\/\/www.barcelonafoot7festival.com\/souvenirs\/#breadcrumb","itemListElement":[{"@type":"ListItem","position":1,"name":"Home","item":"https:\/\/www.barcelonafoot7festival.com\/de\/"},{"@type":"ListItem","position":2,"name":"Boutique"}]},{"@type":"WebSite","@id":"https:\/\/www.barcelonafoot7festival.com\/#website","url":"https:\/\/www.barcelonafoot7festival.com\/","name":"Barcelona Football 7 Festival","description":"Costa Brava  10-12 May 2024","publisher":{"@id":"https:\/\/www.barcelonafoot7festival.com\/#organization"},"potentialAction":[{"@type":"SearchAction","target":{"@type":"EntryPoint","urlTemplate":"https:\/\/www.barcelonafoot7festival.com\/?s={search_term_string}"},"query-input":{"@type":"PropertyValueSpecification","valueRequired":true,"valueName":"search_term_string"}}],"inLanguage":"de"},{"@type":"Organization","@id":"https:\/\/www.barcelonafoot7festival.com\/#organization","name":"Barcelona Football 7 Festival","url":"https:\/\/www.barcelonafoot7festival.com\/","logo":{"@type":"ImageObject","inLanguage":"de","@id":"https:\/\/www.barcelonafoot7festival.com\/#\/schema\/logo\/image\/","url":"https:\/\/www.barcelonafoot7festival.com\/wp-content\/uploads\/2023\/11\/logo-brcs.png","contentUrl":"https:\/\/www.barcelonafoot7festival.com\/wp-content\/uploads\/2023\/11\/logo-brcs.png","width":234,"height":241,"caption":"Barcelona Football 7 Festival"},"image":{"@id":"https:\/\/www.barcelonafoot7festival.com\/#\/schema\/logo\/image\/"}}]}},"_links":{"self":[{"href":"https:\/\/www.barcelonafoot7festival.com\/de\/wp-json\/wp\/v2\/pages\/28245","targetHints":{"allow":["GET"]}}],"collection":[{"href":"https:\/\/www.barcelonafoot7festival.com\/de\/wp-json\/wp\/v2\/pages"}],"about":[{"href":"https:\/\/www.barcelonafoot7festival.com\/de\/wp-json\/wp\/v2\/types\/page"}],"author":[{"embeddable":true,"href":"https:\/\/www.barcelonafoot7festival.com\/de\/wp-json\/wp\/v2\/users\/2"}],"replies":[{"embeddable":true,"href":"https:\/\/www.barcelonafoot7festival.com\/de\/wp-json\/wp\/v2\/comments?post=28245"}],"version-history":[{"count":0,"href":"https:\/\/www.barcelonafoot7festival.com\/de\/wp-json\/wp\/v2\/pages\/28245\/revisions"}],"wp:attachment":[{"href":"https:\/\/www.barcelonafoot7festival.com\/de\/wp-json\/wp\/v2\/media?parent=28245"}],"curies":[{"name":"wp","href":"https:\/\/api.w.org\/{rel}","templated":true}]}}