{"id":28204,"date":"2023-11-26T21:30:39","date_gmt":"2023-11-26T21:30:39","guid":{"rendered":"https:\/\/barcelonafoot7.beringserveis.eu\/?page_id=28204"},"modified":"2024-02-15T12:01:51","modified_gmt":"2024-02-15T12:01:51","slug":"seguros","status":"publish","type":"page","link":"https:\/\/www.barcelonafoot7festival.com\/es\/seguros\/","title":{"rendered":"Seguro"},"content":{"rendered":"\t\t<div data-elementor-type=\"wp-page\" data-elementor-id=\"28204\" class=\"elementor elementor-28204 elementor-105\" data-elementor-post-type=\"page\">\n\t\t\t\t\t\t<section class=\"elementor-section elementor-top-section elementor-element elementor-element-373527e elementor-section-full_width elementor-section-stretched elementor-section-height-default elementor-section-height-default\" data-id=\"373527e\" data-element_type=\"section\" data-e-type=\"section\" data-settings=\"{&quot;stretch_section&quot;:&quot;section-stretched&quot;}\">\n\t\t\t\t\t\t\t<div class=\"elementor-background-overlay\"><\/div>\n\t\t\t\t\t\t\t<div class=\"elementor-container elementor-column-gap-default\">\n\t\t\t\t\t<div class=\"elementor-column elementor-col-100 elementor-top-column elementor-element elementor-element-7657154\" data-id=\"7657154\" data-element_type=\"column\" data-e-type=\"column\" data-settings=\"{&quot;background_background&quot;:&quot;classic&quot;}\">\n\t\t\t<div class=\"elementor-widget-wrap elementor-element-populated\">\n\t\t\t\t\t\t<div class=\"elementor-element elementor-element-e163234 elementor-widget elementor-widget-template\" data-id=\"e163234\" data-element_type=\"widget\" data-e-type=\"widget\" data-widget_type=\"template.default\">\n\t\t\t\t<div class=\"elementor-widget-container\">\n\t\t\t\t\t\t\t<div class=\"elementor-template\">\n\t\t\t\t\t<div data-elementor-type=\"section\" data-elementor-id=\"26906\" class=\"elementor elementor-26906\" data-elementor-post-type=\"elementor_library\">\n\t\t\t\t\t<section class=\"elementor-section elementor-top-section elementor-element elementor-element-b5f17f4 elementor-section-full_width elementor-section-stretched elementor-section-content-middle elementor-section-height-default elementor-section-height-default\" data-id=\"b5f17f4\" data-element_type=\"section\" data-e-type=\"section\" data-settings=\"{&quot;background_background&quot;:&quot;video&quot;,&quot;background_video_link&quot;:&quot;https:\\\/\\\/vimeo.com\\\/874556183&quot;,&quot;stretch_section&quot;:&quot;section-stretched&quot;,&quot;background_play_on_mobile&quot;:&quot;yes&quot;}\">\n\t\t\t\t\t\t\t\t<div class=\"elementor-background-video-container\">\n\t\t\t\t\t\t\t\t\t\t\t\t\t<div class=\"elementor-background-video-embed\" role=\"presentation\"><\/div>\n\t\t\t\t\t\t\t\t\t\t\t\t<\/div>\n\t\t\t\t\t\t\t\t\t<div class=\"elementor-background-overlay\"><\/div>\n\t\t\t\t\t\t\t<div class=\"elementor-container elementor-column-gap-default\">\n\t\t\t\t\t<div class=\"elementor-column elementor-col-100 elementor-top-column elementor-element elementor-element-5742428\" data-id=\"5742428\" data-element_type=\"column\" data-e-type=\"column\">\n\t\t\t<div class=\"elementor-widget-wrap elementor-element-populated\">\n\t\t\t\t\t\t<div class=\"elementor-element elementor-element-f7714cc elementor-widget elementor-widget-spacer\" data-id=\"f7714cc\" data-element_type=\"widget\" data-e-type=\"widget\" data-widget_type=\"spacer.default\">\n\t\t\t\t<div class=\"elementor-widget-container\">\n\t\t\t\t\t\t\t<div class=\"elementor-spacer\">\n\t\t\t<div class=\"elementor-spacer-inner\"><\/div>\n\t\t<\/div>\n\t\t\t\t\t\t<\/div>\n\t\t\t\t<\/div>\n\t\t\t\t\t<\/div>\n\t\t<\/div>\n\t\t\t\t\t<\/div>\n\t\t<\/section>\n\t\t\t\t<\/div>\n\t\t\t\t<\/div>\n\t\t\t\t\t\t<\/div>\n\t\t\t\t<\/div>\n\t\t\t\t\t<\/div>\n\t\t<\/div>\n\t\t\t\t\t<\/div>\n\t\t<\/section>\n\t\t\t\t<section class=\"elementor-section elementor-top-section elementor-element elementor-element-69c6141 elementor-section-full_width elementor-section-height-default elementor-section-height-default\" data-id=\"69c6141\" data-element_type=\"section\" data-e-type=\"section\">\n\t\t\t\t\t\t<div class=\"elementor-container elementor-column-gap-no\">\n\t\t\t\t\t<div class=\"elementor-column elementor-col-100 elementor-top-column elementor-element elementor-element-8ae0c5f\" data-id=\"8ae0c5f\" data-element_type=\"column\" data-e-type=\"column\">\n\t\t\t<div class=\"elementor-widget-wrap elementor-element-populated\">\n\t\t\t\t\t\t<div class=\"elementor-element elementor-element-7c4b553 e-transform elementor-widget__width-inherit elementor-absolute elementor-widget elementor-widget-heading\" data-id=\"7c4b553\" data-element_type=\"widget\" data-e-type=\"widget\" data-settings=\"{&quot;_transform_skewX_effect&quot;:{&quot;unit&quot;:&quot;px&quot;,&quot;size&quot;:0,&quot;sizes&quot;:[]},&quot;_transform_skewY_effect&quot;:{&quot;unit&quot;:&quot;px&quot;,&quot;size&quot;:-4,&quot;sizes&quot;:[]},&quot;_position&quot;:&quot;absolute&quot;,&quot;_transform_skewX_effect_tablet&quot;:{&quot;unit&quot;:&quot;deg&quot;,&quot;size&quot;:&quot;&quot;,&quot;sizes&quot;:[]},&quot;_transform_skewX_effect_mobile&quot;:{&quot;unit&quot;:&quot;deg&quot;,&quot;size&quot;:&quot;&quot;,&quot;sizes&quot;:[]},&quot;_transform_skewY_effect_tablet&quot;:{&quot;unit&quot;:&quot;deg&quot;,&quot;size&quot;:&quot;&quot;,&quot;sizes&quot;:[]},&quot;_transform_skewY_effect_mobile&quot;:{&quot;unit&quot;:&quot;deg&quot;,&quot;size&quot;:&quot;&quot;,&quot;sizes&quot;:[]}}\" data-widget_type=\"heading.default\">\n\t\t\t\t<div class=\"elementor-widget-container\">\n\t\t\t\t\t<h2 class=\"elementor-heading-title elementor-size-default\">Seguro<\/h2>\t\t\t\t<\/div>\n\t\t\t\t<\/div>\n\t\t\t\t\t<\/div>\n\t\t<\/div>\n\t\t\t\t\t<\/div>\n\t\t<\/section>\n\t\t\t\t<section class=\"elementor-section elementor-top-section elementor-element elementor-element-a969d72 elementor-section-boxed elementor-section-height-default elementor-section-height-default\" data-id=\"a969d72\" data-element_type=\"section\" data-e-type=\"section\" data-settings=\"{&quot;background_background&quot;:&quot;classic&quot;}\">\n\t\t\t\t\t\t<div class=\"elementor-container elementor-column-gap-default\">\n\t\t\t\t\t<div class=\"elementor-column elementor-col-100 elementor-top-column elementor-element elementor-element-c3ecfcf\" data-id=\"c3ecfcf\" data-element_type=\"column\" data-e-type=\"column\" data-settings=\"{&quot;background_background&quot;:&quot;classic&quot;}\">\n\t\t\t<div class=\"elementor-widget-wrap elementor-element-populated\">\n\t\t\t\t\t\t<section class=\"elementor-section elementor-inner-section elementor-element elementor-element-1a50ab8 elementor-section-boxed elementor-section-height-default elementor-section-height-default\" data-id=\"1a50ab8\" data-element_type=\"section\" data-e-type=\"section\" data-settings=\"{&quot;background_background&quot;:&quot;classic&quot;}\">\n\t\t\t\t\t\t<div class=\"elementor-container elementor-column-gap-default\">\n\t\t\t\t\t<div class=\"elementor-column elementor-col-100 elementor-inner-column elementor-element elementor-element-aa754b5\" data-id=\"aa754b5\" data-element_type=\"column\" data-e-type=\"column\">\n\t\t\t<div class=\"elementor-widget-wrap elementor-element-populated\">\n\t\t\t\t\t\t<div class=\"elementor-element elementor-element-3cd1967 elementor-widget elementor-widget-text-editor\" data-id=\"3cd1967\" data-element_type=\"widget\" data-e-type=\"widget\" data-widget_type=\"text-editor.default\">\n\t\t\t\t<div class=\"elementor-widget-container\">\n\t\t\t\t\t\t\t\t\t<p>Es responsabilidad del<strong> Team Manager <\/strong>asegurarse de que todas las personas que viajan con el equipo, tanto si juegan en los partidos como no, est\u00e9n <strong>adecuadamente aseguradas contra cualquier lesi\u00f3n o enfermedad que pueda producirse <\/strong>durante su estancia en el Festival.<\/p><p>El Comit\u00e9 Organizador no se har\u00e1 responsable de los gastos ocasionados por lesiones o enfermedad de los participantes durante el<strong>\u00a0Barcelona F\u00fatbol<\/strong> <strong>7 Festival<\/strong>.<\/p><p>Los Team Managers deber\u00e1n firmar un documento en el que declaran que todos los miembros de la delegaci\u00f3n est\u00e1n debidamente asegurados a estos efectos.<\/p><p>Necesitaremos una copia de su <strong>n\u00famero de p\u00f3liza de seguro de viaje <\/strong>y<strong> de su n\u00famero de licencia federativa <\/strong>para asegurarnos de que pueden participar en el Festival.<\/p>\t\t\t\t\t\t\t\t<\/div>\n\t\t\t\t<\/div>\n\t\t\t\t<div class=\"elementor-element elementor-element-eab5689 elementor-widget elementor-widget-image\" data-id=\"eab5689\" data-element_type=\"widget\" data-e-type=\"widget\" data-widget_type=\"image.default\">\n\t\t\t\t<div class=\"elementor-widget-container\">\n\t\t\t\t\t\t\t\t\t\t\t\t\t\t\t<img fetchpriority=\"high\" decoding=\"async\" width=\"800\" height=\"800\" src=\"https:\/\/www.barcelonafoot7festival.com\/wp-content\/uploads\/2023\/11\/cruz-roja-ambulancia.png\" class=\"attachment-large size-large wp-image-28116\" alt=\"\" srcset=\"https:\/\/www.barcelonafoot7festival.com\/wp-content\/uploads\/2023\/11\/cruz-roja-ambulancia.png 1000w, https:\/\/www.barcelonafoot7festival.com\/wp-content\/uploads\/2023\/11\/cruz-roja-ambulancia-300x300.png 300w, https:\/\/www.barcelonafoot7festival.com\/wp-content\/uploads\/2023\/11\/cruz-roja-ambulancia-150x150.png 150w, https:\/\/www.barcelonafoot7festival.com\/wp-content\/uploads\/2023\/11\/cruz-roja-ambulancia-768x768.png 768w\" sizes=\"(max-width: 800px) 100vw, 800px\" \/>\t\t\t\t\t\t\t\t\t\t\t\t\t\t\t<\/div>\n\t\t\t\t<\/div>\n\t\t\t\t<div class=\"elementor-element elementor-element-a06e302 elementor-widget elementor-widget-text-editor\" data-id=\"a06e302\" data-element_type=\"widget\" data-e-type=\"widget\" data-widget_type=\"text-editor.default\">\n\t\t\t\t<div class=\"elementor-widget-container\">\n\t\t\t\t\t\t\t\t\t<p>Habr\u00e1 ambulancia y personal m\u00e9dico in situ durante el Torneo. El hospital local est\u00e1 a s\u00f3lo 5 minutos en coche de los campos de f\u00fatbol.<\/p>\t\t\t\t\t\t\t\t<\/div>\n\t\t\t\t<\/div>\n\t\t\t\t\t<\/div>\n\t\t<\/div>\n\t\t\t\t\t<\/div>\n\t\t<\/section>\n\t\t\t\t\t<\/div>\n\t\t<\/div>\n\t\t\t\t\t<\/div>\n\t\t<\/section>\n\t\t\t\t<section class=\"elementor-section elementor-top-section elementor-element elementor-element-3b986fd elementor-section-full_width elementor-section-height-min-height elementor-section-height-default elementor-section-items-middle\" data-id=\"3b986fd\" data-element_type=\"section\" data-e-type=\"section\" data-settings=\"{&quot;background_background&quot;:&quot;classic&quot;,&quot;background_motion_fx_motion_fx_scrolling&quot;:&quot;yes&quot;,&quot;background_motion_fx_devices&quot;:[&quot;desktop&quot;,&quot;tablet&quot;,&quot;mobile&quot;]}\">\n\t\t\t\t\t\t<div class=\"elementor-container elementor-column-gap-default\">\n\t\t\t\t\t<div class=\"elementor-column elementor-col-100 elementor-top-column elementor-element elementor-element-32adcc2\" data-id=\"32adcc2\" data-element_type=\"column\" data-e-type=\"column\">\n\t\t\t<div class=\"elementor-widget-wrap elementor-element-populated\">\n\t\t\t\t\t\t<div class=\"elementor-element elementor-element-c6f2e74 elementor-widget elementor-widget-spacer\" data-id=\"c6f2e74\" data-element_type=\"widget\" data-e-type=\"widget\" data-widget_type=\"spacer.default\">\n\t\t\t\t<div class=\"elementor-widget-container\">\n\t\t\t\t\t\t\t<div class=\"elementor-spacer\">\n\t\t\t<div class=\"elementor-spacer-inner\"><\/div>\n\t\t<\/div>\n\t\t\t\t\t\t<\/div>\n\t\t\t\t<\/div>\n\t\t\t\t\t<\/div>\n\t\t<\/div>\n\t\t\t\t\t<\/div>\n\t\t<\/section>\n\t\t\t\t<\/div>\n\t\t","protected":false},"excerpt":{"rendered":"<p>Es responsabilidad del Team Manager asegurarse de que todas las personas que viajan con el equipo, tanto si juegan en los partidos como no, est\u00e9n adecuadamente aseguradas contra cualquier lesi\u00f3n o enfermedad que pueda producirse durante su estancia en el Festival. El Comit\u00e9 Organizador no se har\u00e1 responsable de los gastos ocasionados por lesiones o [&hellip;]<\/p>\n","protected":false},"author":2,"featured_media":0,"parent":0,"menu_order":0,"comment_status":"closed","ping_status":"closed","template":"elementor_header_footer","meta":{"footnotes":""},"class_list":["post-28204","page","type-page","status-publish","hentry"],"yoast_head":"<!-- This site is optimized with the Yoast SEO plugin v27.6 - https:\/\/yoast.com\/product\/yoast-seo-wordpress\/ -->\n<title>Seguro - Barcelona Football 7 Festival<\/title>\n<meta name=\"robots\" content=\"index, follow, max-snippet:-1, max-image-preview:large, max-video-preview:-1\" \/>\n<link rel=\"canonical\" href=\"https:\/\/www.barcelonafoot7festival.com\/es\/seguros\/\" \/>\n<meta property=\"og:locale\" content=\"es_ES\" \/>\n<meta property=\"og:type\" content=\"article\" \/>\n<meta property=\"og:title\" content=\"Seguro - Barcelona Football 7 Festival\" \/>\n<meta property=\"og:description\" content=\"Es responsabilidad del Team Manager asegurarse de que todas las personas que viajan con el equipo, tanto si juegan en los partidos como no, est\u00e9n adecuadamente aseguradas contra cualquier lesi\u00f3n o enfermedad que pueda producirse durante su estancia en el Festival. El Comit\u00e9 Organizador no se har\u00e1 responsable de los gastos ocasionados por lesiones o [&hellip;]\" \/>\n<meta property=\"og:url\" content=\"https:\/\/www.barcelonafoot7festival.com\/es\/seguros\/\" \/>\n<meta property=\"og:site_name\" content=\"Barcelona Football 7 Festival\" \/>\n<meta property=\"article:modified_time\" content=\"2024-02-15T12:01:51+00:00\" \/>\n<meta property=\"og:image\" content=\"https:\/\/www.barcelonafoot7festival.com\/wp-content\/uploads\/2023\/11\/cruz-roja-ambulancia.png\" \/>\n<meta name=\"twitter:card\" content=\"summary_large_image\" \/>\n<meta name=\"twitter:label1\" content=\"Tiempo de lectura\" \/>\n\t<meta name=\"twitter:data1\" content=\"1 minuto\" \/>\n<script type=\"application\/ld+json\" class=\"yoast-schema-graph\">{\"@context\":\"https:\\\/\\\/schema.org\",\"@graph\":[{\"@type\":\"WebPage\",\"@id\":\"https:\\\/\\\/www.barcelonafoot7festival.com\\\/es\\\/seguros\\\/\",\"url\":\"https:\\\/\\\/www.barcelonafoot7festival.com\\\/es\\\/seguros\\\/\",\"name\":\"Seguro - Barcelona Football 7 Festival\",\"isPartOf\":{\"@id\":\"https:\\\/\\\/www.barcelonafoot7festival.com\\\/#website\"},\"primaryImageOfPage\":{\"@id\":\"https:\\\/\\\/www.barcelonafoot7festival.com\\\/es\\\/seguros\\\/#primaryimage\"},\"image\":{\"@id\":\"https:\\\/\\\/www.barcelonafoot7festival.com\\\/es\\\/seguros\\\/#primaryimage\"},\"thumbnailUrl\":\"https:\\\/\\\/www.barcelonafoot7festival.com\\\/wp-content\\\/uploads\\\/2023\\\/11\\\/cruz-roja-ambulancia.png\",\"datePublished\":\"2023-11-26T21:30:39+00:00\",\"dateModified\":\"2024-02-15T12:01:51+00:00\",\"breadcrumb\":{\"@id\":\"https:\\\/\\\/www.barcelonafoot7festival.com\\\/es\\\/seguros\\\/#breadcrumb\"},\"inLanguage\":\"es\",\"potentialAction\":[{\"@type\":\"ReadAction\",\"target\":[\"https:\\\/\\\/www.barcelonafoot7festival.com\\\/es\\\/seguros\\\/\"]}]},{\"@type\":\"ImageObject\",\"inLanguage\":\"es\",\"@id\":\"https:\\\/\\\/www.barcelonafoot7festival.com\\\/es\\\/seguros\\\/#primaryimage\",\"url\":\"https:\\\/\\\/www.barcelonafoot7festival.com\\\/wp-content\\\/uploads\\\/2023\\\/11\\\/cruz-roja-ambulancia.png\",\"contentUrl\":\"https:\\\/\\\/www.barcelonafoot7festival.com\\\/wp-content\\\/uploads\\\/2023\\\/11\\\/cruz-roja-ambulancia.png\"},{\"@type\":\"BreadcrumbList\",\"@id\":\"https:\\\/\\\/www.barcelonafoot7festival.com\\\/es\\\/seguros\\\/#breadcrumb\",\"itemListElement\":[{\"@type\":\"ListItem\",\"position\":1,\"name\":\"Home\",\"item\":\"https:\\\/\\\/www.barcelonafoot7festival.com\\\/de\\\/\"},{\"@type\":\"ListItem\",\"position\":2,\"name\":\"Seguro\"}]},{\"@type\":\"WebSite\",\"@id\":\"https:\\\/\\\/www.barcelonafoot7festival.com\\\/#website\",\"url\":\"https:\\\/\\\/www.barcelonafoot7festival.com\\\/\",\"name\":\"Barcelona Football 7 Festival\",\"description\":\"Costa Brava  10-12 May 2024\",\"publisher\":{\"@id\":\"https:\\\/\\\/www.barcelonafoot7festival.com\\\/#organization\"},\"potentialAction\":[{\"@type\":\"SearchAction\",\"target\":{\"@type\":\"EntryPoint\",\"urlTemplate\":\"https:\\\/\\\/www.barcelonafoot7festival.com\\\/?s={search_term_string}\"},\"query-input\":{\"@type\":\"PropertyValueSpecification\",\"valueRequired\":true,\"valueName\":\"search_term_string\"}}],\"inLanguage\":\"es\"},{\"@type\":\"Organization\",\"@id\":\"https:\\\/\\\/www.barcelonafoot7festival.com\\\/#organization\",\"name\":\"Barcelona Football 7 Festival\",\"url\":\"https:\\\/\\\/www.barcelonafoot7festival.com\\\/\",\"logo\":{\"@type\":\"ImageObject\",\"inLanguage\":\"es\",\"@id\":\"https:\\\/\\\/www.barcelonafoot7festival.com\\\/#\\\/schema\\\/logo\\\/image\\\/\",\"url\":\"https:\\\/\\\/www.barcelonafoot7festival.com\\\/wp-content\\\/uploads\\\/2023\\\/11\\\/logo-brcs.png\",\"contentUrl\":\"https:\\\/\\\/www.barcelonafoot7festival.com\\\/wp-content\\\/uploads\\\/2023\\\/11\\\/logo-brcs.png\",\"width\":234,\"height\":241,\"caption\":\"Barcelona Football 7 Festival\"},\"image\":{\"@id\":\"https:\\\/\\\/www.barcelonafoot7festival.com\\\/#\\\/schema\\\/logo\\\/image\\\/\"}}]}<\/script>\n<!-- \/ Yoast SEO plugin. -->","yoast_head_json":{"title":"Seguro - Barcelona Football 7 Festival","robots":{"index":"index","follow":"follow","max-snippet":"max-snippet:-1","max-image-preview":"max-image-preview:large","max-video-preview":"max-video-preview:-1"},"canonical":"https:\/\/www.barcelonafoot7festival.com\/es\/seguros\/","og_locale":"es_ES","og_type":"article","og_title":"Seguro - Barcelona Football 7 Festival","og_description":"Es responsabilidad del Team Manager asegurarse de que todas las personas que viajan con el equipo, tanto si juegan en los partidos como no, est\u00e9n adecuadamente aseguradas contra cualquier lesi\u00f3n o enfermedad que pueda producirse durante su estancia en el Festival. El Comit\u00e9 Organizador no se har\u00e1 responsable de los gastos ocasionados por lesiones o [&hellip;]","og_url":"https:\/\/www.barcelonafoot7festival.com\/es\/seguros\/","og_site_name":"Barcelona Football 7 Festival","article_modified_time":"2024-02-15T12:01:51+00:00","og_image":[{"url":"https:\/\/www.barcelonafoot7festival.com\/wp-content\/uploads\/2023\/11\/cruz-roja-ambulancia.png","type":"","width":"","height":""}],"twitter_card":"summary_large_image","twitter_misc":{"Tiempo de lectura":"1 minuto"},"schema":{"@context":"https:\/\/schema.org","@graph":[{"@type":"WebPage","@id":"https:\/\/www.barcelonafoot7festival.com\/es\/seguros\/","url":"https:\/\/www.barcelonafoot7festival.com\/es\/seguros\/","name":"Seguro - Barcelona Football 7 Festival","isPartOf":{"@id":"https:\/\/www.barcelonafoot7festival.com\/#website"},"primaryImageOfPage":{"@id":"https:\/\/www.barcelonafoot7festival.com\/es\/seguros\/#primaryimage"},"image":{"@id":"https:\/\/www.barcelonafoot7festival.com\/es\/seguros\/#primaryimage"},"thumbnailUrl":"https:\/\/www.barcelonafoot7festival.com\/wp-content\/uploads\/2023\/11\/cruz-roja-ambulancia.png","datePublished":"2023-11-26T21:30:39+00:00","dateModified":"2024-02-15T12:01:51+00:00","breadcrumb":{"@id":"https:\/\/www.barcelonafoot7festival.com\/es\/seguros\/#breadcrumb"},"inLanguage":"es","potentialAction":[{"@type":"ReadAction","target":["https:\/\/www.barcelonafoot7festival.com\/es\/seguros\/"]}]},{"@type":"ImageObject","inLanguage":"es","@id":"https:\/\/www.barcelonafoot7festival.com\/es\/seguros\/#primaryimage","url":"https:\/\/www.barcelonafoot7festival.com\/wp-content\/uploads\/2023\/11\/cruz-roja-ambulancia.png","contentUrl":"https:\/\/www.barcelonafoot7festival.com\/wp-content\/uploads\/2023\/11\/cruz-roja-ambulancia.png"},{"@type":"BreadcrumbList","@id":"https:\/\/www.barcelonafoot7festival.com\/es\/seguros\/#breadcrumb","itemListElement":[{"@type":"ListItem","position":1,"name":"Home","item":"https:\/\/www.barcelonafoot7festival.com\/de\/"},{"@type":"ListItem","position":2,"name":"Seguro"}]},{"@type":"WebSite","@id":"https:\/\/www.barcelonafoot7festival.com\/#website","url":"https:\/\/www.barcelonafoot7festival.com\/","name":"Barcelona Football 7 Festival","description":"Costa Brava  10-12 May 2024","publisher":{"@id":"https:\/\/www.barcelonafoot7festival.com\/#organization"},"potentialAction":[{"@type":"SearchAction","target":{"@type":"EntryPoint","urlTemplate":"https:\/\/www.barcelonafoot7festival.com\/?s={search_term_string}"},"query-input":{"@type":"PropertyValueSpecification","valueRequired":true,"valueName":"search_term_string"}}],"inLanguage":"es"},{"@type":"Organization","@id":"https:\/\/www.barcelonafoot7festival.com\/#organization","name":"Barcelona Football 7 Festival","url":"https:\/\/www.barcelonafoot7festival.com\/","logo":{"@type":"ImageObject","inLanguage":"es","@id":"https:\/\/www.barcelonafoot7festival.com\/#\/schema\/logo\/image\/","url":"https:\/\/www.barcelonafoot7festival.com\/wp-content\/uploads\/2023\/11\/logo-brcs.png","contentUrl":"https:\/\/www.barcelonafoot7festival.com\/wp-content\/uploads\/2023\/11\/logo-brcs.png","width":234,"height":241,"caption":"Barcelona Football 7 Festival"},"image":{"@id":"https:\/\/www.barcelonafoot7festival.com\/#\/schema\/logo\/image\/"}}]}},"_links":{"self":[{"href":"https:\/\/www.barcelonafoot7festival.com\/es\/wp-json\/wp\/v2\/pages\/28204","targetHints":{"allow":["GET"]}}],"collection":[{"href":"https:\/\/www.barcelonafoot7festival.com\/es\/wp-json\/wp\/v2\/pages"}],"about":[{"href":"https:\/\/www.barcelonafoot7festival.com\/es\/wp-json\/wp\/v2\/types\/page"}],"author":[{"embeddable":true,"href":"https:\/\/www.barcelonafoot7festival.com\/es\/wp-json\/wp\/v2\/users\/2"}],"replies":[{"embeddable":true,"href":"https:\/\/www.barcelonafoot7festival.com\/es\/wp-json\/wp\/v2\/comments?post=28204"}],"version-history":[{"count":0,"href":"https:\/\/www.barcelonafoot7festival.com\/es\/wp-json\/wp\/v2\/pages\/28204\/revisions"}],"wp:attachment":[{"href":"https:\/\/www.barcelonafoot7festival.com\/es\/wp-json\/wp\/v2\/media?parent=28204"}],"curies":[{"name":"wp","href":"https:\/\/api.w.org\/{rel}","templated":true}]}}